{"id":18,"date":"2023-10-18T09:44:33","date_gmt":"2023-10-18T07:44:33","guid":{"rendered":"https:\/\/baccoclima.com\/?page_id=18"},"modified":"2024-02-19T10:06:49","modified_gmt":"2024-02-19T09:06:49","slug":"bacco-30sp","status":"publish","type":"page","link":"https:\/\/baccoclima.com\/en\/bacco-30sp\/","title":{"rendered":"Bacco 30SP"},"content":{"rendered":"<div data-elementor-type=\"wp-page\" data-elementor-id=\"18\" class=\"elementor elementor-18\" data-elementor-post-type=\"page\">\n\t\t\t\t<div class=\"elementor-element elementor-element-3af6f712 e-con-full e-flex e-con e-parent\" data-id=\"3af6f712\" data-element_type=\"container\" data-e-type=\"container\">\n\t\t<div class=\"elementor-element elementor-element-7c4c4ec1 e-flex e-con-boxed elementor-invisible e-con e-child\" data-id=\"7c4c4ec1\" data-element_type=\"container\" data-e-type=\"container\" data-settings=\"{&quot;animation&quot;:&quot;fadeInLeft&quot;}\">\n\t\t\t\t\t<div class=\"e-con-inner\">\n\t\t\t\t<div class=\"elementor-element elementor-element-2a95420a elementor-widget elementor-widget-video\" data-id=\"2a95420a\" data-element_type=\"widget\" data-e-type=\"widget\" data-settings=\"{&quot;video_type&quot;:&quot;hosted&quot;,&quot;start&quot;:6,&quot;end&quot;:70,&quot;autoplay&quot;:&quot;yes&quot;,&quot;mute&quot;:&quot;yes&quot;,&quot;loop&quot;:&quot;yes&quot;,&quot;play_on_mobile&quot;:&quot;yes&quot;,&quot;controls&quot;:&quot;yes&quot;}\" data-widget_type=\"video.default\">\n\t\t\t\t<div class=\"elementor-widget-container\">\n\t\t\t\t\t\t\t<div class=\"e-hosted-video elementor-wrapper elementor-open-inline\">\n\t\t\t\t\t<video class=\"elementor-video\" src=\"https:\/\/baccoclima.com\/wp-content\/uploads\/2024\/02\/30SP_canva.mp4#t=6,70\" autoplay=\"\" loop=\"\" controls=\"\" muted=\"muted\" playsinline=\"\" controlslist=\"nodownload\"><\/video>\n\t\t\t\t<\/div>\n\t\t\t\t\t\t<\/div>\n\t\t\t\t<\/div>\n\t\t\t\t\t<\/div>\n\t\t\t\t<\/div>\n\t\t<div class=\"elementor-element elementor-element-75f87d09 e-flex e-con-boxed e-con e-child\" data-id=\"75f87d09\" data-element_type=\"container\" data-e-type=\"container\">\n\t\t\t\t\t<div class=\"e-con-inner\">\n\t\t\t\t<div class=\"elementor-element elementor-element-3feffd20 animated-fast elementor-invisible elementor-widget elementor-widget-heading\" data-id=\"3feffd20\" data-element_type=\"widget\" data-e-type=\"widget\" data-settings=\"{&quot;_animation&quot;:&quot;slideInRight&quot;,&quot;_animation_delay&quot;:500}\" data-widget_type=\"heading.default\">\n\t\t\t\t<div class=\"elementor-widget-container\">\n\t\t\t\t\t<h2 class=\"elementor-heading-title elementor-size-default\">BACCO 30 SP<\/h2>\t\t\t\t<\/div>\n\t\t\t\t<\/div>\n\t\t\t\t<div class=\"elementor-element elementor-element-7dacedd animated-fast elementor-invisible elementor-widget elementor-widget-heading\" data-id=\"7dacedd\" data-element_type=\"widget\" data-e-type=\"widget\" data-settings=\"{&quot;_animation&quot;:&quot;slideInRight&quot;,&quot;_animation_delay&quot;:500}\" data-widget_type=\"heading.default\">\n\t\t\t\t<div class=\"elementor-widget-container\">\n\t\t\t\t\t<h2 class=\"elementor-heading-title elementor-size-default\"> FOR ROOMS FROM 15 TO 30 M3<\/h2>\t\t\t\t<\/div>\n\t\t\t\t<\/div>\n\t\t\t\t<div class=\"elementor-element elementor-element-7e871dee animated-fast elementor-widget__width-initial elementor-invisible elementor-widget elementor-widget-text-editor\" data-id=\"7e871dee\" data-element_type=\"widget\" data-e-type=\"widget\" data-settings=\"{&quot;_animation&quot;:&quot;slideInRight&quot;,&quot;_animation_delay&quot;:700}\" data-widget_type=\"text-editor.default\">\n\t\t\t\t<div class=\"elementor-widget-container\">\n\t\t\t\t\t\t\t\t\t<p>This technical solution provides an outdoor unit, an indoor unit and an electrical control panel complete with digital controller.<\/p><p>This model can be implemented with specific accessories for humidity control.<\/p><p>The reading and adjustment of temperature and humidity are managed by the digital controller.<\/p><p>Available in two versions: brushed stainless steel, painted anthracite black.<\/p><p>Before delivery to the Customer, the BACCO system undergoes rigorous checks with final testing lasting 48 hours.<\/p><p>Installation requires the intervention of a qualified technician.<\/p>\t\t\t\t\t\t\t\t<\/div>\n\t\t\t\t<\/div>\n\t\t\t\t\t<\/div>\n\t\t\t\t<\/div>\n\t\t\t\t<\/div>\n\t\t<div class=\"elementor-element elementor-element-49668884 e-flex e-con-boxed e-con e-parent\" data-id=\"49668884\" data-element_type=\"container\" data-e-type=\"container\" data-settings=\"{&quot;background_background&quot;:&quot;classic&quot;,&quot;animation&quot;:&quot;none&quot;}\">\n\t\t\t\t\t<div class=\"e-con-inner\">\n\t\t<div class=\"elementor-element elementor-element-4b743a9 e-con-full e-flex e-con e-child\" data-id=\"4b743a9\" data-element_type=\"container\" data-e-type=\"container\">\n\t\t\t\t<div class=\"elementor-element elementor-element-6a9c20c elementor-invisible elementor-widget elementor-widget-image\" data-id=\"6a9c20c\" data-element_type=\"widget\" data-e-type=\"widget\" data-settings=\"{&quot;_animation&quot;:&quot;fadeInLeft&quot;}\" data-widget_type=\"image.default\">\n\t\t\t\t<div class=\"elementor-widget-container\">\n\t\t\t\t\t\t\t\t\t\t\t\t\t\t\t<img fetchpriority=\"high\" decoding=\"async\" width=\"741\" height=\"220\" src=\"https:\/\/baccoclima.com\/wp-content\/uploads\/2023\/10\/lb30.png\" class=\"attachment-large size-large wp-image-116\" alt=\"\" srcset=\"https:\/\/baccoclima.com\/wp-content\/uploads\/2023\/10\/lb30.png 741w, https:\/\/baccoclima.com\/wp-content\/uploads\/2023\/10\/lb30-300x89.png 300w\" sizes=\"(max-width: 741px) 100vw, 741px\" \/>\t\t\t\t\t\t\t\t\t\t\t\t\t\t\t<\/div>\n\t\t\t\t<\/div>\n\t\t\t\t<div class=\"elementor-element elementor-element-a727570 elementor-invisible elementor-widget elementor-widget-image\" data-id=\"a727570\" data-element_type=\"widget\" data-e-type=\"widget\" data-settings=\"{&quot;_animation&quot;:&quot;fadeInRight&quot;}\" data-widget_type=\"image.default\">\n\t\t\t\t<div class=\"elementor-widget-container\">\n\t\t\t\t\t\t\t\t\t\t\t\t\t\t\t<img decoding=\"async\" width=\"800\" height=\"533\" src=\"https:\/\/baccoclima.com\/wp-content\/uploads\/2023\/10\/30SP.png\" class=\"attachment-large size-large wp-image-111\" alt=\"\" srcset=\"https:\/\/baccoclima.com\/wp-content\/uploads\/2023\/10\/30SP.png 900w, https:\/\/baccoclima.com\/wp-content\/uploads\/2023\/10\/30SP-300x200.png 300w, https:\/\/baccoclima.com\/wp-content\/uploads\/2023\/10\/30SP-768x512.png 768w\" sizes=\"(max-width: 800px) 100vw, 800px\" \/>\t\t\t\t\t\t\t\t\t\t\t\t\t\t\t<\/div>\n\t\t\t\t<\/div>\n\t\t\t\t<\/div>\n\t\t\t\t\t<\/div>\n\t\t\t\t<\/div>\n\t\t<div class=\"elementor-element elementor-element-df8f5f6 e-flex e-con-boxed e-con e-parent\" data-id=\"df8f5f6\" data-element_type=\"container\" data-e-type=\"container\" data-settings=\"{&quot;background_background&quot;:&quot;classic&quot;,&quot;animation&quot;:&quot;none&quot;}\">\n\t\t\t\t\t<div class=\"e-con-inner\">\n\t\t<div class=\"elementor-element elementor-element-59a97a7 e-con-full e-flex e-con e-child\" data-id=\"59a97a7\" data-element_type=\"container\" data-e-type=\"container\">\n\t\t\t\t<div class=\"elementor-element elementor-element-4aaa475 animated-fast elementor-invisible elementor-widget elementor-widget-heading\" data-id=\"4aaa475\" data-element_type=\"widget\" data-e-type=\"widget\" data-settings=\"{&quot;_animation&quot;:&quot;slideInLeft&quot;}\" data-widget_type=\"heading.default\">\n\t\t\t\t<div class=\"elementor-widget-container\">\n\t\t\t\t\t<h2 class=\"elementor-heading-title elementor-size-default\">TEMPERATURE CONTROL<\/h2>\t\t\t\t<\/div>\n\t\t\t\t<\/div>\n\t\t\t\t<div class=\"elementor-element elementor-element-86407b7 animated-fast elementor-invisible elementor-widget elementor-widget-text-editor\" data-id=\"86407b7\" data-element_type=\"widget\" data-e-type=\"widget\" data-settings=\"{&quot;_animation&quot;:&quot;slideInLeft&quot;}\" data-widget_type=\"text-editor.default\">\n\t\t\t\t<div class=\"elementor-widget-container\">\n\t\t\t\t\t\t\t\t\t<p>Temperature is a fundamental parameter for wine ageing and maintenance in a cellar that must stay between 14\u00b0C and 16\u00b0C.<\/p>\n<p>A normal domestic air conditioner can reach a minimum temperature of 18\u00b0C while our system, in a properly insulated room, can reach up to 12\u00b0C.&nbsp;<\/p>\n<p>Sudden temperature changes, even by a few degrees, can compromise the quality of the wine.<\/p>\n<p>Maintenance of the cellar temperature does not just depend on the refrigeration power of the air conditioning unit, but also the energy efficiency of the premises.<\/p>\n<p>In particular, it is important to check the presence of any heat dispersion and insulation of all the surfaces on the premises: from the perimeter walls to the entrance door, from the floor to any windows.<\/p>\n<p>The BACCO systems have a probe connected to the electrical panel, complete with a cable of variable length from 3 to 10 metres, for temperature detection.<\/p>\n<p>By adjusting the values via the digital controller, the operation of the refrigerator circuit or of an electrical resistor will be activated, according to the configuration and the needs of the surrounding environment.<\/p>\t\t\t\t\t\t\t\t<\/div>\n\t\t\t\t<\/div>\n\t\t\t\t<\/div>\n\t\t<div class=\"elementor-element elementor-element-db2cc0b e-con-full e-flex e-con e-child\" data-id=\"db2cc0b\" data-element_type=\"container\" data-e-type=\"container\">\n\t\t\t\t<div class=\"elementor-element elementor-element-591b387 animated-fast elementor-invisible elementor-widget elementor-widget-heading\" data-id=\"591b387\" data-element_type=\"widget\" data-e-type=\"widget\" data-settings=\"{&quot;_animation&quot;:&quot;slideInRight&quot;}\" data-widget_type=\"heading.default\">\n\t\t\t\t<div class=\"elementor-widget-container\">\n\t\t\t\t\t<h2 class=\"elementor-heading-title elementor-size-default\">HUMIDITY CONTROL<\/h2>\t\t\t\t<\/div>\n\t\t\t\t<\/div>\n\t\t\t\t<div class=\"elementor-element elementor-element-c79394f animated-fast elementor-invisible elementor-widget elementor-widget-text-editor\" data-id=\"c79394f\" data-element_type=\"widget\" data-e-type=\"widget\" data-settings=\"{&quot;_animation&quot;:&quot;slideInRight&quot;}\" data-widget_type=\"text-editor.default\">\n\t\t\t\t<div class=\"elementor-widget-container\">\n\t\t\t\t\t\t\t\t\t<p>Humidity is a fundamental parameter for wine ageing and maintenance in a cellar that must stay between 60% and 70%.<\/p><p>A typical domestic air conditioner system over dries the air and does not have any type of control over the humidity present in the environment. The lack of a correct level of humidity could adversely affect the refinement and ageing of the wine.<\/p><p>In a barrel cellar, for example for ageing wine or spirits, excess drying of the wooden barrel staves can create a loss of product and therefore a consequent economic damage.<\/p><p>The BACCO systems have a probe connected to the electrical panel, complete with a cable of variable length from 3 to 10 metres, for the detection of humidity.<\/p><p>By adjusting the values via the digital controller, the operation of a humidifier or a dehumidifier will be activated, depending on the configuration and the needs of the surrounding environment.<\/p>\t\t\t\t\t\t\t\t<\/div>\n\t\t\t\t<\/div>\n\t\t\t\t<\/div>\n\t\t\t\t\t<\/div>\n\t\t\t\t<\/div>\n\t\t<div class=\"elementor-element elementor-element-68cdb0ae e-flex e-con-boxed e-con e-parent\" data-id=\"68cdb0ae\" data-element_type=\"container\" data-e-type=\"container\" data-settings=\"{&quot;background_background&quot;:&quot;classic&quot;}\">\n\t\t\t\t\t<div class=\"e-con-inner\">\n\t\t<div class=\"elementor-element elementor-element-45c63f9c e-con-full e-flex e-con e-child\" data-id=\"45c63f9c\" data-element_type=\"container\" data-e-type=\"container\">\n\t\t\t\t<div class=\"elementor-element elementor-element-1916b1e1 animated-fast elementor-invisible elementor-widget elementor-widget-heading\" data-id=\"1916b1e1\" data-element_type=\"widget\" data-e-type=\"widget\" data-settings=\"{&quot;_animation&quot;:&quot;slideInRight&quot;}\" data-widget_type=\"heading.default\">\n\t\t\t\t<div class=\"elementor-widget-container\">\n\t\t\t\t\t<h2 class=\"elementor-heading-title elementor-size-default\">MAIN FEATURES<\/h2>\t\t\t\t<\/div>\n\t\t\t\t<\/div>\n\t\t\t\t<div class=\"elementor-element elementor-element-3a4ed45b elementor-invisible elementor-widget elementor-widget-htmega-datatable-addons\" data-id=\"3a4ed45b\" data-element_type=\"widget\" data-e-type=\"widget\" data-settings=\"{&quot;_animation&quot;:&quot;fadeInUp&quot;}\" data-widget_type=\"htmega-datatable-addons.default\">\n\t\t\t\t<div class=\"elementor-widget-container\">\n\t\t\t\t\t        <div class=\"htmega-table-style htmega-table-style-2 htb-table-responsive\">\n            <table class=\"htb-table\">\n                                    <thead>\n                        <tr>\n                            <th class='elementor-repeater-item-772914c'><\/th><th class='elementor-repeater-item-d042bc4'><\/th>                        <\/tr>\n                    <\/thead>\n                                <tbody>\n                                            <tr>\n                            <td class=\"elementor-repeater-item-d75f3aa\" >Suitable for a cellar space<\/td><td class=\"elementor-repeater-item-11edf09\" >up to 30 m3**<\/td>                        <\/tr>\n                                            <tr>\n                            <td class=\"elementor-repeater-item-010f4f2\" >Power supply voltage<\/td><td class=\"elementor-repeater-item-fd80a3b\" >230 V \/ 50 Hz<\/td>                        <\/tr>\n                                            <tr>\n                            <td class=\"elementor-repeater-item-6cfb78c\" >Cooling capacity<\/td><td class=\"elementor-repeater-item-d6483c9\" >1303 w (cold only) at 25 \u00b0C external temperature<\/td>                        <\/tr>\n                                            <tr>\n                            <td class=\"elementor-repeater-item-6ad4f9f\" >Cellar internal minimum air temperature<\/td><td class=\"elementor-repeater-item-7f39dea\" >12\u00b0C (only adjustable to increase)<\/td>                        <\/tr>\n                                            <tr>\n                            <td class=\"elementor-repeater-item-b95f875\" >Components of the \u201cBACCO SYSTEM\u201d:<\/td><td class=\"elementor-repeater-item-8570d2a\" >Indoor unit<br> Outdoor unit<br> Electrical panel<br> Electrical resistor (optional)<br> Humidifier (optional)<br> Dehumidifier (optional)<\/td>                        <\/tr>\n                                            <tr>\n                            <td class=\"elementor-repeater-item-c4a7f2f\" >External finish:<\/td><td class=\"elementor-repeater-item-ab5756f\" >Indoor unit: in brushed STAINLESS STEEL;<br> Indoor unit: anthracite black painted (on request) <br>Electrical panel: painted anthracite black (on request)<br>Outdoor unit: in brushed STAINLESS STEEL<\/td>                        <\/tr>\n                                            <tr>\n                            <td class=\"elementor-repeater-item-6cebedc\" >Air temperature reading<\/td><td class=\"elementor-repeater-item-7057fb0\" >Digital<\/td>                        <\/tr>\n                                            <tr>\n                            <td class=\"elementor-repeater-item-ca380ca\" >Humidity % reading<\/td><td class=\"elementor-repeater-item-b4be26c\" >Digital<\/td>                        <\/tr>\n                                            <tr>\n                            <td class=\"elementor-repeater-item-3a88d74\" >Coolant<\/td><td class=\"elementor-repeater-item-9cd676f\" >R452a<\/td>                        <\/tr>\n                                            <tr>\n                            <td class=\"elementor-repeater-item-e941bca\" >Instruction manual<\/td><td class=\"elementor-repeater-item-dc0499c\" >Yes<\/td>                        <\/tr>\n                                    <\/tbody>\n            <\/table>\n        <\/div>\n        \t\t\t\t<\/div>\n\t\t\t\t<\/div>\n\t\t\t\t<div class=\"elementor-element elementor-element-3922e674 elementor-align-left elementor-invisible elementor-widget elementor-widget-button\" data-id=\"3922e674\" data-element_type=\"widget\" data-e-type=\"widget\" data-settings=\"{&quot;_animation&quot;:&quot;fadeInUp&quot;}\" data-widget_type=\"button.default\">\n\t\t\t\t<div class=\"elementor-widget-container\">\n\t\t\t\t\t\t\t\t\t<div class=\"elementor-button-wrapper\">\n\t\t\t\t\t<a class=\"elementor-button elementor-button-link elementor-size-md elementor-animation-grow\" href=\"https:\/\/baccoclima.com\/wp-content\/uploads\/2023\/04\/Brochure_bacco30_rev.07.pdf\" target=\"_blank\">\n\t\t\t\t\t\t<span class=\"elementor-button-content-wrapper\">\n\t\t\t\t\t\t<span class=\"elementor-button-icon\">\n\t\t\t\t<i aria-hidden=\"true\" class=\"fas fa-file-pdf\"><\/i>\t\t\t<\/span>\n\t\t\t\t\t\t\t\t\t<span class=\"elementor-button-text\">Technical data sheet<\/span>\n\t\t\t\t\t<\/span>\n\t\t\t\t\t<\/a>\n\t\t\t\t<\/div>\n\t\t\t\t\t\t\t\t<\/div>\n\t\t\t\t<\/div>\n\t\t\t\t<div class=\"elementor-element elementor-element-7dd0323f animated-fast elementor-widget__width-initial elementor-invisible elementor-widget elementor-widget-text-editor\" data-id=\"7dd0323f\" data-element_type=\"widget\" data-e-type=\"widget\" data-settings=\"{&quot;_animation&quot;:&quot;fadeInUp&quot;,&quot;_animation_delay&quot;:700}\" data-widget_type=\"text-editor.default\">\n\t\t\t\t<div class=\"elementor-widget-container\">\n\t\t\t\t\t\t\t\t\t<p>* The technical data outlined may be subject to change due to the continuous performance enhancements. Therefore Montec srl reserves the right to change them without any prior warning.<\/p><p><em>** This value refers to an adequately insulated premises, with particular reference to: walls, ceiling, floor, entrance door and windows; any glass doors and walls must be built using low-emissivity glass.<\/em><\/p><p><strong>The unit does not have a \u201cdehumidification\u201d function as standard and therefore it does not remove humidity beyond that normally extracted during operation of the compressor.<\/strong><\/p>\t\t\t\t\t\t\t\t<\/div>\n\t\t\t\t<\/div>\n\t\t\t\t<\/div>\n\t\t\t\t\t<\/div>\n\t\t\t\t<\/div>\n\t\t\t\t<\/div>","protected":false},"excerpt":{"rendered":"<p>https:\/\/baccoclima.com\/wp-content\/uploads\/2024\/02\/30SP_canva.mp4#t=6,70 BACCO 30 SP PER LOCALI DA 15 A 30 MC Questa soluzione tecnica prevede un unit\u00e0 esterna, un unit\u00e0 interna e un quadro elettrico di comando completo di controllore digitale. Questo modello pu\u00f2 essere implementato con accessori specifici per il controllo dell\u2019umidit\u00e0. La lettura e la regolazione della temperatura ed umidit\u00e0 vengono gestite dal [&hellip;]<\/p>\n","protected":false},"author":1,"featured_media":0,"parent":0,"menu_order":0,"comment_status":"closed","ping_status":"closed","template":"elementor_header_footer","meta":{"footnotes":""},"class_list":["post-18","page","type-page","status-publish","hentry"],"_links":{"self":[{"href":"https:\/\/baccoclima.com\/en\/wp-json\/wp\/v2\/pages\/18","targetHints":{"allow":["GET"]}}],"collection":[{"href":"https:\/\/baccoclima.com\/en\/wp-json\/wp\/v2\/pages"}],"about":[{"href":"https:\/\/baccoclima.com\/en\/wp-json\/wp\/v2\/types\/page"}],"author":[{"embeddable":true,"href":"https:\/\/baccoclima.com\/en\/wp-json\/wp\/v2\/users\/1"}],"replies":[{"embeddable":true,"href":"https:\/\/baccoclima.com\/en\/wp-json\/wp\/v2\/comments?post=18"}],"version-history":[{"count":46,"href":"https:\/\/baccoclima.com\/en\/wp-json\/wp\/v2\/pages\/18\/revisions"}],"predecessor-version":[{"id":1929,"href":"https:\/\/baccoclima.com\/en\/wp-json\/wp\/v2\/pages\/18\/revisions\/1929"}],"wp:attachment":[{"href":"https:\/\/baccoclima.com\/en\/wp-json\/wp\/v2\/media?parent=18"}],"curies":[{"name":"wp","href":"https:\/\/api.w.org\/{rel}","templated":true}]}}