{"id":16,"date":"2023-10-18T09:42:59","date_gmt":"2023-10-18T07:42:59","guid":{"rendered":"https:\/\/baccoclima.com\/?page_id=16"},"modified":"2024-02-19T10:06:23","modified_gmt":"2024-02-19T09:06:23","slug":"bacco-20sp","status":"publish","type":"page","link":"http:\/\/baccoclima.com\/en\/bacco-20sp\/","title":{"rendered":"Bacco 20sp"},"content":{"rendered":"<div data-elementor-type=\"wp-page\" data-elementor-id=\"16\" class=\"elementor elementor-16\" data-elementor-post-type=\"page\">\n\t\t\t\t<div class=\"elementor-element elementor-element-b6f7db8 e-con-full e-flex e-con e-parent\" data-id=\"b6f7db8\" data-element_type=\"container\" data-core-v316-plus=\"true\">\n\t\t<div class=\"elementor-element elementor-element-f6975e2 e-flex e-con-boxed elementor-invisible e-con e-child\" data-id=\"f6975e2\" data-element_type=\"container\" data-settings=\"{&quot;animation&quot;:&quot;fadeInLeft&quot;}\">\n\t\t\t\t\t<div class=\"e-con-inner\">\n\t\t\t\t<div class=\"elementor-element elementor-element-b3a185b elementor-widget elementor-widget-video\" data-id=\"b3a185b\" data-element_type=\"widget\" data-settings=\"{&quot;video_type&quot;:&quot;hosted&quot;,&quot;start&quot;:6,&quot;end&quot;:70,&quot;autoplay&quot;:&quot;yes&quot;,&quot;mute&quot;:&quot;yes&quot;,&quot;loop&quot;:&quot;yes&quot;,&quot;play_on_mobile&quot;:&quot;yes&quot;,&quot;controls&quot;:&quot;yes&quot;}\" data-widget_type=\"video.default\">\n\t\t\t\t<div class=\"elementor-widget-container\">\n\t\t\t<style>\/*! elementor - v3.20.0 - 13-03-2024 *\/\n.elementor-widget-video .elementor-widget-container{overflow:hidden;transform:translateZ(0)}.elementor-widget-video .elementor-wrapper{aspect-ratio:var(--video-aspect-ratio)}.elementor-widget-video .elementor-wrapper iframe,.elementor-widget-video .elementor-wrapper video{height:100%;width:100%;display:flex;border:none;background-color:#000}@supports not (aspect-ratio:1\/1){.elementor-widget-video .elementor-wrapper{position:relative;overflow:hidden;height:0;padding-bottom:calc(100% \/ var(--video-aspect-ratio))}.elementor-widget-video .elementor-wrapper iframe,.elementor-widget-video .elementor-wrapper video{position:absolute;top:0;right:0;bottom:0;left:0}}.elementor-widget-video .elementor-open-inline .elementor-custom-embed-image-overlay{position:absolute;top:0;right:0;bottom:0;left:0;background-size:cover;background-position:50%}.elementor-widget-video .elementor-custom-embed-image-overlay{cursor:pointer;text-align:center}.elementor-widget-video .elementor-custom-embed-image-overlay:hover .elementor-custom-embed-play i{opacity:1}.elementor-widget-video .elementor-custom-embed-image-overlay img{display:block;width:100%;aspect-ratio:var(--video-aspect-ratio);-o-object-fit:cover;object-fit:cover;-o-object-position:center center;object-position:center center}@supports not (aspect-ratio:1\/1){.elementor-widget-video .elementor-custom-embed-image-overlay{position:relative;overflow:hidden;height:0;padding-bottom:calc(100% \/ var(--video-aspect-ratio))}.elementor-widget-video .elementor-custom-embed-image-overlay img{position:absolute;top:0;right:0;bottom:0;left:0}}.elementor-widget-video .e-hosted-video .elementor-video{-o-object-fit:cover;object-fit:cover}.e-con-inner>.elementor-widget-video,.e-con>.elementor-widget-video{width:var(--container-widget-width);--flex-grow:var(--container-widget-flex-grow)}<\/style>\t\t<div class=\"e-hosted-video elementor-wrapper elementor-open-inline\">\n\t\t\t\t\t<video class=\"elementor-video\" src=\"https:\/\/baccoclima.com\/wp-content\/uploads\/2024\/02\/20SP_canva.mp4#t=6,70\" autoplay=\"\" loop=\"\" controls=\"\" muted=\"muted\" playsinline=\"\" controlslist=\"nodownload\"><\/video>\n\t\t\t\t<\/div>\n\t\t\t\t<\/div>\n\t\t\t\t<\/div>\n\t\t\t\t\t<\/div>\n\t\t\t\t<\/div>\n\t\t<div class=\"elementor-element elementor-element-24a4474 e-flex e-con-boxed e-con e-child\" data-id=\"24a4474\" data-element_type=\"container\">\n\t\t\t\t\t<div class=\"e-con-inner\">\n\t\t\t\t<div class=\"elementor-element elementor-element-28466f14 animated-fast elementor-invisible elementor-widget elementor-widget-heading\" data-id=\"28466f14\" data-element_type=\"widget\" data-settings=\"{&quot;_animation&quot;:&quot;slideInRight&quot;,&quot;_animation_delay&quot;:500}\" data-widget_type=\"heading.default\">\n\t\t\t\t<div class=\"elementor-widget-container\">\n\t\t\t<style>\/*! elementor - v3.20.0 - 13-03-2024 *\/\n.elementor-heading-title{padding:0;margin:0;line-height:1}.elementor-widget-heading .elementor-heading-title[class*=elementor-size-]>a{color:inherit;font-size:inherit;line-height:inherit}.elementor-widget-heading .elementor-heading-title.elementor-size-small{font-size:15px}.elementor-widget-heading .elementor-heading-title.elementor-size-medium{font-size:19px}.elementor-widget-heading .elementor-heading-title.elementor-size-large{font-size:29px}.elementor-widget-heading .elementor-heading-title.elementor-size-xl{font-size:39px}.elementor-widget-heading .elementor-heading-title.elementor-size-xxl{font-size:59px}<\/style><h2 class=\"elementor-heading-title elementor-size-default\">BACCO 20 SP<\/h2>\t\t<\/div>\n\t\t\t\t<\/div>\n\t\t\t\t<div class=\"elementor-element elementor-element-e128c6b animated-fast elementor-invisible elementor-widget elementor-widget-heading\" data-id=\"e128c6b\" data-element_type=\"widget\" data-settings=\"{&quot;_animation&quot;:&quot;slideInRight&quot;,&quot;_animation_delay&quot;:500}\" data-widget_type=\"heading.default\">\n\t\t\t\t<div class=\"elementor-widget-container\">\n\t\t\t<h2 class=\"elementor-heading-title elementor-size-default\">FOR PREMISES UP TO 20 M3<\/h2>\t\t<\/div>\n\t\t\t\t<\/div>\n\t\t\t\t<div class=\"elementor-element elementor-element-759aff0b animated-fast elementor-widget__width-initial elementor-invisible elementor-widget elementor-widget-text-editor\" data-id=\"759aff0b\" data-element_type=\"widget\" data-settings=\"{&quot;_animation&quot;:&quot;slideInRight&quot;,&quot;_animation_delay&quot;:700}\" data-widget_type=\"text-editor.default\">\n\t\t\t\t<div class=\"elementor-widget-container\">\n\t\t\t<style>\/*! elementor - v3.20.0 - 13-03-2024 *\/\n.elementor-widget-text-editor.elementor-drop-cap-view-stacked .elementor-drop-cap{background-color:#69727d;color:#fff}.elementor-widget-text-editor.elementor-drop-cap-view-framed .elementor-drop-cap{color:#69727d;border:3px solid;background-color:transparent}.elementor-widget-text-editor:not(.elementor-drop-cap-view-default) .elementor-drop-cap{margin-top:8px}.elementor-widget-text-editor:not(.elementor-drop-cap-view-default) .elementor-drop-cap-letter{width:1em;height:1em}.elementor-widget-text-editor .elementor-drop-cap{float:left;text-align:center;line-height:1;font-size:50px}.elementor-widget-text-editor .elementor-drop-cap-letter{display:inline-block}<\/style>\t\t\t\t<p>This technical solution provides an internal unit with integrated digital controller and an external unit.<\/p><p>The indoor unit of the air conditioner is the smallest in the series, it only provides for the reading and adjustment of the temperature, the ambient humidity value is not legible.<\/p><p>Available in anthracite black painted version.<\/p><p>Before delivery to the Customer, the BACCO system undergoes rigorous checks with final testing lasting 48 hours.<\/p><p>Installation requires the intervention of a qualified technician.<\/p>\t\t\t\t\t\t<\/div>\n\t\t\t\t<\/div>\n\t\t\t\t\t<\/div>\n\t\t\t\t<\/div>\n\t\t\t\t<\/div>\n\t\t<div class=\"elementor-element elementor-element-8c1d0e5 e-flex e-con-boxed e-con e-parent\" data-id=\"8c1d0e5\" data-element_type=\"container\" data-settings=\"{&quot;background_background&quot;:&quot;classic&quot;,&quot;animation&quot;:&quot;none&quot;}\" data-core-v316-plus=\"true\">\n\t\t\t\t\t<div class=\"e-con-inner\">\n\t\t<div class=\"elementor-element elementor-element-12438299 e-con-full e-flex e-con e-child\" data-id=\"12438299\" data-element_type=\"container\">\n\t\t\t\t<div class=\"elementor-element elementor-element-b3f4a6b elementor-invisible elementor-widget elementor-widget-image\" data-id=\"b3f4a6b\" data-element_type=\"widget\" data-settings=\"{&quot;_animation&quot;:&quot;fadeInLeft&quot;}\" data-widget_type=\"image.default\">\n\t\t\t\t<div class=\"elementor-widget-container\">\n\t\t\t<style>\/*! elementor - v3.20.0 - 13-03-2024 *\/\n.elementor-widget-image{text-align:center}.elementor-widget-image a{display:inline-block}.elementor-widget-image a img[src$=\".svg\"]{width:48px}.elementor-widget-image img{vertical-align:middle;display:inline-block}<\/style>\t\t\t\t\t\t\t\t\t\t<img fetchpriority=\"high\" decoding=\"async\" width=\"741\" height=\"220\" src=\"https:\/\/baccoclima.com\/wp-content\/uploads\/2023\/10\/lb20.png\" class=\"attachment-large size-large wp-image-115\" alt=\"\" srcset=\"https:\/\/baccoclima.com\/wp-content\/uploads\/2023\/10\/lb20.png 741w, https:\/\/baccoclima.com\/wp-content\/uploads\/2023\/10\/lb20-300x89.png 300w\" sizes=\"(max-width: 741px) 100vw, 741px\" \/>\t\t\t\t\t\t\t\t\t\t\t\t\t<\/div>\n\t\t\t\t<\/div>\n\t\t\t\t<div class=\"elementor-element elementor-element-7da27b0c animated-fast elementor-invisible elementor-widget elementor-widget-heading\" data-id=\"7da27b0c\" data-element_type=\"widget\" data-settings=\"{&quot;_animation&quot;:&quot;slideInLeft&quot;}\" data-widget_type=\"heading.default\">\n\t\t\t\t<div class=\"elementor-widget-container\">\n\t\t\t<h2 class=\"elementor-heading-title elementor-size-default\">TEMPERATURE CONTROL<\/h2>\t\t<\/div>\n\t\t\t\t<\/div>\n\t\t\t\t<div class=\"elementor-element elementor-element-cf4dc0c animated-fast elementor-invisible elementor-widget elementor-widget-text-editor\" data-id=\"cf4dc0c\" data-element_type=\"widget\" data-settings=\"{&quot;_animation&quot;:&quot;slideInLeft&quot;}\" data-widget_type=\"text-editor.default\">\n\t\t\t\t<div class=\"elementor-widget-container\">\n\t\t\t\t\t\t\t<p>Temperature is a fundamental parameter for wine ageing and maintenance in a cellar that must stay between 14\u00b0C and 16\u00b0C.<\/p>\n<p>A normal domestic air conditioner can reach a minimum temperature of 18\u00b0C while our system, in a properly insulated room, can reach up to 12\u00b0C.&nbsp;<\/p>\n<p>Sudden temperature changes, even by a few degrees, can compromise the quality of the wine.<\/p>\n<p>Maintenance of the cellar temperature does not just depend on the refrigeration power of the air conditioning unit, but also the energy efficiency of the premises.<\/p>\n<p>In particular, it is important to check the presence of any heat dispersion and insulation of all the surfaces on the premises: from the perimeter walls to the entrance door, from the floor to any windows.<\/p>\n<p>The BACCO systems have a probe connected to the electrical panel, complete with a cable of variable length from 3 to 10 metres, for temperature detection.<\/p>\n<p>By adjusting the values via the digital controller, the operation of the refrigerator circuit or of an electrical resistor will be activated, according to the configuration and the needs of the surrounding environment.<\/p>\t\t\t\t\t\t<\/div>\n\t\t\t\t<\/div>\n\t\t\t\t<\/div>\n\t\t<div class=\"elementor-element elementor-element-3dc6da78 e-con-full e-flex e-con e-child\" data-id=\"3dc6da78\" data-element_type=\"container\">\n\t\t\t\t<div class=\"elementor-element elementor-element-6e1e9d25 animated-fast elementor-invisible elementor-widget elementor-widget-image\" data-id=\"6e1e9d25\" data-element_type=\"widget\" data-settings=\"{&quot;_animation&quot;:&quot;slideInRight&quot;}\" data-widget_type=\"image.default\">\n\t\t\t\t<div class=\"elementor-widget-container\">\n\t\t\t\t\t\t\t\t\t\t\t\t\t<img decoding=\"async\" width=\"800\" height=\"533\" src=\"https:\/\/baccoclima.com\/wp-content\/uploads\/2023\/10\/20SP.png\" class=\"attachment-large size-large wp-image-110\" alt=\"\" srcset=\"https:\/\/baccoclima.com\/wp-content\/uploads\/2023\/10\/20SP.png 900w, https:\/\/baccoclima.com\/wp-content\/uploads\/2023\/10\/20SP-300x200.png 300w, https:\/\/baccoclima.com\/wp-content\/uploads\/2023\/10\/20SP-768x512.png 768w\" sizes=\"(max-width: 800px) 100vw, 800px\" \/>\t\t\t\t\t\t\t\t\t\t\t\t\t<\/div>\n\t\t\t\t<\/div>\n\t\t\t\t<\/div>\n\t\t\t\t\t<\/div>\n\t\t\t\t<\/div>\n\t\t<div class=\"elementor-element elementor-element-795fab39 e-flex e-con-boxed e-con e-parent\" data-id=\"795fab39\" data-element_type=\"container\" data-settings=\"{&quot;background_background&quot;:&quot;classic&quot;}\" data-core-v316-plus=\"true\">\n\t\t\t\t\t<div class=\"e-con-inner\">\n\t\t<div class=\"elementor-element elementor-element-3d4881a3 e-con-full e-flex e-con e-child\" data-id=\"3d4881a3\" data-element_type=\"container\">\n\t\t\t\t<div class=\"elementor-element elementor-element-7de4717 animated-fast elementor-invisible elementor-widget elementor-widget-heading\" data-id=\"7de4717\" data-element_type=\"widget\" data-settings=\"{&quot;_animation&quot;:&quot;slideInRight&quot;}\" data-widget_type=\"heading.default\">\n\t\t\t\t<div class=\"elementor-widget-container\">\n\t\t\t<h2 class=\"elementor-heading-title elementor-size-default\">MAIN FEATURES<\/h2>\t\t<\/div>\n\t\t\t\t<\/div>\n\t\t\t\t<div class=\"elementor-element elementor-element-27af630 elementor-invisible elementor-widget elementor-widget-htmega-datatable-addons\" data-id=\"27af630\" data-element_type=\"widget\" data-settings=\"{&quot;_animation&quot;:&quot;fadeInUp&quot;}\" data-widget_type=\"htmega-datatable-addons.default\">\n\t\t\t\t<div class=\"elementor-widget-container\">\n\t\t\t        <div class=\"htmega-table-style htmega-table-style-2 htb-table-responsive\">\n            <table class=\"htb-table\">\n                                    <thead>\n                        <tr>\n                            <th class='elementor-repeater-item-772914c'><\/th><th class='elementor-repeater-item-d042bc4'><\/th>                        <\/tr>\n                    <\/thead>\n                                <tbody>\n                                            <tr>\n                            <td class=\"elementor-repeater-item-d75f3aa\" >Suitable for a cellar space<\/td><td class=\"elementor-repeater-item-11edf09\" >up to 20 m3**<\/td>                        <\/tr>\n                                            <tr>\n                            <td class=\"elementor-repeater-item-010f4f2\" >Power supply voltage<\/td><td class=\"elementor-repeater-item-fd80a3b\" >230 V \/ 1ph\/50 Hz<\/td>                        <\/tr>\n                                            <tr>\n                            <td class=\"elementor-repeater-item-6cfb78c\" >Cooling capacity<\/td><td class=\"elementor-repeater-item-d6483c9\" >601 w (cold only) at 25 \u00b0C external temperature <\/td>                        <\/tr>\n                                            <tr>\n                            <td class=\"elementor-repeater-item-6ad4f9f\" >Cellar internal minimum air temperature<\/td><td class=\"elementor-repeater-item-7f39dea\" >12\u00b0C (only adjustable to increase)<\/td>                        <\/tr>\n                                            <tr>\n                            <td class=\"elementor-repeater-item-b95f875\" >Components of the \u201cBACCO SYSTEM\u201d:<\/td><td class=\"elementor-repeater-item-8570d2a\" >Indoor unit<br> Outdoor unit<\/td>                        <\/tr>\n                                            <tr>\n                            <td class=\"elementor-repeater-item-c4a7f2f\" >External finish:<\/td><td class=\"elementor-repeater-item-ab5756f\" >Indoor unit: in brushed STAINLESS STEEL;<br> Indoor unit: anthracite black painted (on request) <br>Electrical panel: in brushed STAINLESS STEEL <br>Outdoor unit: in brushed STAINLESS STEEL<\/td>                        <\/tr>\n                                            <tr>\n                            <td class=\"elementor-repeater-item-ca380ca\" >Air temperature reading<\/td><td class=\"elementor-repeater-item-b4be26c\" >Digital<\/td>                        <\/tr>\n                                            <tr>\n                            <td class=\"elementor-repeater-item-3a88d74\" >Coolant<\/td><td class=\"elementor-repeater-item-9cd676f\" >R452a<\/td>                        <\/tr>\n                                            <tr>\n                            <td class=\"elementor-repeater-item-e941bca\" >Instruction manual<\/td><td class=\"elementor-repeater-item-dc0499c\" >Yes<\/td>                        <\/tr>\n                                    <\/tbody>\n            <\/table>\n        <\/div>\n        \t\t<\/div>\n\t\t\t\t<\/div>\n\t\t\t\t<div class=\"elementor-element elementor-element-25edf3a2 elementor-align-left elementor-invisible elementor-widget elementor-widget-button\" data-id=\"25edf3a2\" data-element_type=\"widget\" data-settings=\"{&quot;_animation&quot;:&quot;fadeInUp&quot;}\" data-widget_type=\"button.default\">\n\t\t\t\t<div class=\"elementor-widget-container\">\n\t\t\t\t\t<div class=\"elementor-button-wrapper\">\n\t\t\t<a class=\"elementor-button elementor-button-link elementor-size-md elementor-animation-grow\" href=\"https:\/\/baccoclima.com\/wp-content\/uploads\/2022\/03\/Brochure_bacco20sp_2.pdf\" target=\"_blank\">\n\t\t\t\t\t\t<span class=\"elementor-button-content-wrapper\">\n\t\t\t\t\t\t<span class=\"elementor-button-icon elementor-align-icon-left\">\n\t\t\t\t<i aria-hidden=\"true\" class=\"fas fa-file-pdf\"><\/i>\t\t\t<\/span>\n\t\t\t\t\t\t<span class=\"elementor-button-text\">Technical data sheet<\/span>\n\t\t<\/span>\n\t\t\t\t\t<\/a>\n\t\t<\/div>\n\t\t\t\t<\/div>\n\t\t\t\t<\/div>\n\t\t\t\t<div class=\"elementor-element elementor-element-7d16ef81 animated-fast elementor-widget__width-initial elementor-invisible elementor-widget elementor-widget-text-editor\" data-id=\"7d16ef81\" data-element_type=\"widget\" data-settings=\"{&quot;_animation&quot;:&quot;fadeInUp&quot;,&quot;_animation_delay&quot;:700}\" data-widget_type=\"text-editor.default\">\n\t\t\t\t<div class=\"elementor-widget-container\">\n\t\t\t\t\t\t\t<p>* The technical data outlined may be subject to change due to the continuous performance enhancements. Therefore Montec srl reserves the right to change them without any prior warning.<\/p><p><em>** This value refers to an adequately insulated premises, with particular reference to: walls, ceiling, floor, entrance door and windows; any glass doors and walls must be built using low-emissivity glass. <\/em><\/p><p><strong>The unit does not have a \u201cdehumidification\u201d function as standard and therefore it does not remove humidity beyond that normally extracted during operation of the compressor.<\/strong><\/p>\t\t\t\t\t\t<\/div>\n\t\t\t\t<\/div>\n\t\t\t\t<\/div>\n\t\t\t\t\t<\/div>\n\t\t\t\t<\/div>\n\t\t\t\t<\/div>","protected":false},"excerpt":{"rendered":"<p>https:\/\/baccoclima.com\/wp-content\/uploads\/2024\/02\/20SP_canva.mp4#t=6,70 BACCO 20 SP PER LOCALI FINO A 20 MC Questa soluzione tecnica prevede un unit\u00e0 interna con controllore digitale integrato ed un unit\u00e0 esterna. L\u2019unit\u00e0 interna del climatizzatore \u00e8 la pi\u00f9 piccola della serie, prevede la sola lettura e regolazione della temperatura, il valore dell\u2019umidit\u00e0 in ambiente non \u00e8 leggibile. Disponibile in versione verniciato [&hellip;]<\/p>","protected":false},"author":1,"featured_media":0,"parent":0,"menu_order":0,"comment_status":"closed","ping_status":"closed","template":"elementor_header_footer","meta":{"footnotes":""},"class_list":["post-16","page","type-page","status-publish","hentry"],"_links":{"self":[{"href":"http:\/\/baccoclima.com\/en\/wp-json\/wp\/v2\/pages\/16","targetHints":{"allow":["GET"]}}],"collection":[{"href":"http:\/\/baccoclima.com\/en\/wp-json\/wp\/v2\/pages"}],"about":[{"href":"http:\/\/baccoclima.com\/en\/wp-json\/wp\/v2\/types\/page"}],"author":[{"embeddable":true,"href":"http:\/\/baccoclima.com\/en\/wp-json\/wp\/v2\/users\/1"}],"replies":[{"embeddable":true,"href":"http:\/\/baccoclima.com\/en\/wp-json\/wp\/v2\/comments?post=16"}],"version-history":[{"count":58,"href":"http:\/\/baccoclima.com\/en\/wp-json\/wp\/v2\/pages\/16\/revisions"}],"predecessor-version":[{"id":1926,"href":"http:\/\/baccoclima.com\/en\/wp-json\/wp\/v2\/pages\/16\/revisions\/1926"}],"wp:attachment":[{"href":"http:\/\/baccoclima.com\/en\/wp-json\/wp\/v2\/media?parent=16"}],"curies":[{"name":"wp","href":"https:\/\/api.w.org\/{rel}","templated":true}]}}